{"id":6,"date":"2021-04-09T11:20:27","date_gmt":"2021-04-09T11:20:27","guid":{"rendered":"https:\/\/excelkurs.ch\/?page_id=6"},"modified":"2023-12-02T15:09:42","modified_gmt":"2023-12-02T15:09:42","slug":"online-und-individualschulungen","status":"publish","type":"page","link":"https:\/\/excelkurs.ch\/","title":{"rendered":"Online und Individualschulungen"},"content":{"rendered":"\n<h2 class=\"wp-block-heading alignwide has-text-align-wide has-gigantic-font-size\" id=\"excel-kurse-und-schulungen\" style=\"line-height:1.1\">Excel Kurse und Schulungen<\/h2>\n\n\n\n<div style=\"height:28px\" aria-hidden=\"true\" class=\"wp-block-spacer\"><\/div>\n\n\n\n<p>Willkommen bei <strong>Excelkurs.ch<\/strong><br><br>Wir sind stolz darauf, Ihnen fundierte und praxisorientierte Excel-Kurse anzubieten, um Ihnen dabei zu helfen, Ihre Excel-Kenntnisse auf ein neues Level zu bringen.<\/p>\n\n\n\n<p>Unsere Kurse sind f\u00fcr Anf\u00e4nger bis Fortgeschrittene geeignet und decken eine Vielzahl von Themen ab, darunter Excel-Grundlagen, fortgeschrittene Funktionen, umfangreiche Daten verwalten, Pivot-Tabellen und vieles mehr. Egal, ob Sie Excel f\u00fcr den Beruf oder pers\u00f6nliche Projekte nutzen m\u00f6chten, unsere Kurse vermitteln Ihnen das n\u00f6tige Know-how, um effizienter und produktiver mit Excel umzugehen.<\/p>\n\n\n\n<p>Was uns auszeichnet, ist unser qualifiziertes und erfahrenes Team von Excel-Experten, die Sie durch jeden Kurs begleiten. Unsere Dozenten verf\u00fcgen \u00fcber umfangreiches Fachwissen und eine Leidenschaft f\u00fcr Excel. <\/p>\n\n\n\n<p>Dar\u00fcber hinaus bieten wir auch Online-Kurse an, die Ihnen die Flexibilit\u00e4t bieten, Excel in Ihrem eigenen Tempo und nach Ihren eigenen Zeitpl\u00e4nen zu erlernen. Unsere Online-Plattform ist benutzerfreundlich und erm\u00f6glicht es Ihnen, auf hochwertige Lernmaterialien zuzugreifen und interaktive \u00dcbungen durchzuf\u00fchren.<\/p>\n\n\n\n<p>Wenn Sie spezifische Anforderungen haben oder Ihre gesamte Abteilung schulen m\u00f6chten, bieten wir auch ma\u00dfgeschneiderte Inhouse-Schulungen an. Unsere Experten kommen zu Ihnen und gestalten Schulungen, die genau auf Ihre Bed\u00fcrfnisse zugeschnitten sind.<\/p>\n\n\n\n<p>Kontaktieren Sie uns noch heute, um mehr \u00fcber unsere Kurse, Preise und Verf\u00fcgbarkeit zu erfahren. Starten Sie Ihre Excel-Reise mit Excelkurs.ch von <a href=\"https:\/\/computerlehrer.ch\/kontakt\/\">computerlehrer.ch<\/a> und erweitern Sie schnell Ihre F\u00e4higkeiten.<\/p>\n\n\n\n<div class=\"wp-block-columns alignwide are-vertically-aligned-center is-style-twentytwentyone-columns-overlap is-layout-flex wp-container-core-columns-is-layout-9d6595d7 wp-block-columns-is-layout-flex\">\n<div class=\"wp-block-column is-vertically-aligned-center is-layout-flow wp-block-column-is-layout-flow\">\n<p>Eine Dienstleistung von <a rel=\"noreferrer noopener\" href=\"http:\/\/www.computerlehrer.ch\/\" target=\"_blank\">computerlehrer.ch<\/a><br><strong>079 \/ 352 97 11<\/strong><\/p>\n<\/div>\n\n\n\n<div class=\"wp-block-column is-vertically-aligned-center is-layout-flow wp-block-column-is-layout-flow\">\n<h2 class=\"wp-block-heading has-text-align-center has-white-color has-vivid-green-cyan-background-color has-text-color has-background has-medium-font-size\" id=\"individuell-und-punktgenau-auf-ihrem-level-1\"><br><br>Individuell und punktgenau auf Ihrem Level<br><\/h2>\n\n\n\n<div style=\"height:20px\" aria-hidden=\"true\" class=\"wp-block-spacer\"><\/div>\n<\/div>\n<\/div>\n\n\n\n<p><\/p>\n","protected":false},"excerpt":{"rendered":"<p>Excel Kurse und Schulungen Willkommen bei Excelkurs.ch Wir sind stolz darauf, Ihnen fundierte und praxisorientierte Excel-Kurse anzubieten, um Ihnen dabei zu helfen, Ihre Excel-Kenntnisse auf ein neues Level zu bringen. Unsere Kurse sind f\u00fcr Anf\u00e4nger bis Fortgeschrittene geeignet und decken eine Vielzahl von Themen ab, darunter Excel-Grundlagen, fortgeschrittene Funktionen, umfangreiche Daten verwalten, Pivot-Tabellen und vieles &hellip; <\/p>\n<p class=\"link-more\"><a href=\"https:\/\/excelkurs.ch\/\" class=\"more-link\"><span class=\"screen-reader-text\">\u201eOnline und Individualschulungen\u201c<\/span> weiterlesen<\/a><\/p>\n","protected":false},"author":1,"featured_media":0,"parent":0,"menu_order":0,"comment_status":"closed","ping_status":"closed","template":"","meta":{"_seopress_robots_primary_cat":"","_seopress_titles_title":"Excel Kurs und Schulungen f\u00fcr Anf\u00e4nger fortgeschrittene Anwender","_seopress_titles_desc":"Microsoft EXCEL Schulungen und Excel Kurse f\u00fcr Firmen, Fortgeschrittene Anwender und Anf\u00e4nger. Punktgenau auf Ihrem Level! 079 352 97 11\r\n","_seopress_robots_index":"","footnotes":""},"class_list":["post-6","page","type-page","status-publish","hentry"],"_links":{"self":[{"href":"https:\/\/excelkurs.ch\/index.php?rest_route=\/wp\/v2\/pages\/6","targetHints":{"allow":["GET"]}}],"collection":[{"href":"https:\/\/excelkurs.ch\/index.php?rest_route=\/wp\/v2\/pages"}],"about":[{"href":"https:\/\/excelkurs.ch\/index.php?rest_route=\/wp\/v2\/types\/page"}],"author":[{"embeddable":true,"href":"https:\/\/excelkurs.ch\/index.php?rest_route=\/wp\/v2\/users\/1"}],"replies":[{"embeddable":true,"href":"https:\/\/excelkurs.ch\/index.php?rest_route=%2Fwp%2Fv2%2Fcomments&post=6"}],"version-history":[{"count":34,"href":"https:\/\/excelkurs.ch\/index.php?rest_route=\/wp\/v2\/pages\/6\/revisions"}],"predecessor-version":[{"id":205,"href":"https:\/\/excelkurs.ch\/index.php?rest_route=\/wp\/v2\/pages\/6\/revisions\/205"}],"wp:attachment":[{"href":"https:\/\/excelkurs.ch\/index.php?rest_route=%2Fwp%2Fv2%2Fmedia&parent=6"}],"curies":[{"name":"wp","href":"https:\/\/api.w.org\/{rel}","templated":true}]}}